{"id":72,"date":"2025-06-08T18:58:52","date_gmt":"2025-06-08T16:58:52","guid":{"rendered":"http:\/\/monumentum.org.pl\/?page_id=72"},"modified":"2025-07-19T20:16:25","modified_gmt":"2025-07-19T18:16:25","slug":"nagrobki-pojedyncze","status":"publish","type":"page","link":"https:\/\/monumentum.org.pl\/?page_id=72","title":{"rendered":"Nagrobki &#8211; katalog i realizacje"},"content":{"rendered":"\n<h5 class=\"wp-block-heading has-text-align-center\">Przedstawione na stronie ceny s\u0105 szacunkowe i informacyjne i n<strong>ie stanowi\u0105 oferty handlowej w rozumieniu art. 66 \u00a71 Kodeksu Cywilnego<\/strong>.<br>Podane ceny to przybli\u017cone ceny brutto PLN.<\/h5>\n\n\n<script>function filterGallery(category) {\r\n  const items = document.querySelectorAll('.gallery-item');\r\n  items.forEach(item => {\r\n    if (category === 'all') {\r\n      item.classList.remove('hidden');\r\n    } else {\r\n      if (item.classList.contains(category)) {\r\n        item.classList.remove('hidden');\r\n      } else {\r\n        item.classList.add('hidden');\r\n      }\r\n    }\r\n  });\r\n}<\/script>\n\n\n<style>\n  \/* Styl przycisk\u00f3w filtruj\u0105cych *\/\n  .filter-buttons {\n    margin-bottom: 30px;\n    display: flex;\n    flex-wrap: wrap;\n    justify-content: center;\n    gap: 10px;\n  }\n\n  .filter-buttons button {\n    padding: 10px 15px;\n    cursor: pointer;\n    border: 1px solid #999;\n    background-color: #f0f0f0;\n    transition: background-color 0.3s;\n    font-size: 16px;\n  }\n\n  .filter-buttons button:hover {\n    background-color: #ddd;\n  }\n\n  \/* Galeria w 3 kolumnach na desktopie *\/\n  .gallery {\n    display: grid;\n    grid-template-columns: repeat(3, 1fr); \/* wymusza 3 kolumny *\/\n    gap: 15px;\n  }\n\n  \/* Na mniejszych ekranach automatyczna responsywno\u015b\u0107 *\/\n  @media (max-width: 768px) {\n    .gallery {\n      grid-template-columns: repeat(2, 1fr);\n    }\n  }\n\n  @media (max-width: 480px) {\n    .gallery {\n      grid-template-columns: 1fr;\n    }\n  }\n\n  .gallery-item {\n    border: 1px solid #ccc;\n    padding: 5px;\n    box-shadow: 0 0 5px rgba(0,0,0,0.1);\n  }\n\n  .gallery-item img {\n    max-width: 100%;\n    height: auto;\n    display: block;\n  }\n\n  .hidden {\n    display: none;\n  }\n<\/style>\n\n<!-- Filtry -->\n<div class=\"filter-buttons\">\n  <button onclick=\"filterGallery('all')\">Wszystkie<\/button>\n  <button onclick=\"filterGallery('pojedyncze')\">Nagrobki pojedyncze<\/button>\n  <button onclick=\"filterGallery('podwojne')\">Nagrobki podw\u00f3jne<\/button>\n  <button onclick=\"filterGallery('deski')\">Deski<\/button>\n  <button onclick=\"filterGallery('inne')\">Inne realizacje<\/button>\n<\/div>\n\n<!-- Galeria -->\n<div class=\"gallery\">\n  <!-- Nagrobki pojedyncze -->\n  <div class=\"gallery-item pojedyncze\">\n    <img decoding=\"async\" src=\"http:\/\/monumentum.org.pl\/wp-content\/uploads\/2025\/07\/p1s.png\" alt=\"Nagrobek pojedynczy 1\">\n<p class=\"caption\" style=\"font-size: 15px;\">Nagrobek granitowy P1 <br> Przybli\u017cona cena brutto: 7550 PLN <\/p>\n  <\/div>\n  <div class=\"gallery-item pojedyncze\">\n    <img decoding=\"async\" src=\"http:\/\/monumentum.org.pl\/wp-content\/uploads\/2025\/07\/p2s.png\" alt=\"Nagrobek pojedynczy 2\">\n<p class=\"caption\" style=\"font-size: 15px;\">Nagrobek granitowy P2<br> Przybli\u017cona cena brutto: 7900 PLN<\/p>\n  <\/div>\n\n  <div class=\"gallery-item pojedyncze\">\n    <img decoding=\"async\" src=\"http:\/\/monumentum.org.pl\/wp-content\/uploads\/2025\/07\/p3s.png\" alt=\"Nagrobek pojedynczy 3\">\n<p class=\"caption\" style=\"font-size: 15px;\">Nagrobek granitowy P3<br> Przybli\u017cona cena brutto: 7450 PLN<\/p>\n  <\/div>\n\n  <div class=\"gallery-item pojedyncze\">\n    <img decoding=\"async\" src=\"http:\/\/monumentum.org.pl\/wp-content\/uploads\/2025\/07\/p4s.png\" alt=\"Nagrobek pojedynczy 4\">\n<p class=\"caption\" style=\"font-size: 15px;\">Nagrobek granitowy P4<br> Przybli\u017cona cena brutto: 10 850 PLN<\/p>\n  <\/div>\n\n  <div class=\"gallery-item pojedyncze\">\n    <img decoding=\"async\" src=\"http:\/\/monumentum.org.pl\/wp-content\/uploads\/2025\/07\/p5s.png\" alt=\"Nagrobek pojedynczy 5\">\n<p class=\"caption\" style=\"font-size: 15px;\">Nagrobek granitowy P5<br> Przybli\u017cona cena brutto: 10 850 PLN<\/p>\n  <\/div>\n\n  <div class=\"gallery-item pojedyncze\">\n    <img decoding=\"async\" src=\"http:\/\/monumentum.org.pl\/wp-content\/uploads\/2025\/07\/p6s.png\" alt=\"Nagrobek pojedynczy 6\">\n<p class=\"caption\" style=\"font-size: 15px;\">Nagrobek granitowy P6<br> Przybli\u017cona cena brutto: 11 200 PLN<\/p>\n  <\/div>\n\n  <div class=\"gallery-item pojedyncze\">\n    <img decoding=\"async\" src=\"http:\/\/monumentum.org.pl\/wp-content\/uploads\/2025\/07\/p7s.png\" alt=\"Nagrobek pojedynczy 7\">\n<p class=\"caption\" style=\"font-size: 15px;\">Nagrobek granitowy P7<br> Przybli\u017cona cena brutto: 5950 PLN<\/p>\n  <\/div>\n\n  <!-- Nagrobki podw\u00f3jne\n  <div class=\"gallery-item podwojne\">\n    <img decoding=\"async\" src=\"npp1.jpg\" alt=\"Nagrobek podw\u00f3jny 1\">\n  <\/div>\n  <div class=\"gallery-item podwojne\">\n    <img decoding=\"async\" src=\"npp2.jpg\" alt=\"Nagrobek podw\u00f3jny 2\">\n  <\/div>\n-->\n\n<!-- Deski -->\n  <div class=\"gallery-item deski\">\n    <img decoding=\"async\" src=\"http:\/\/monumentum.org.pl\/wp-content\/uploads\/2025\/07\/d1s.png\" alt=\"deska 1\">\n<p class=\"caption\" style=\"font-size: 15px;\">Deska drewniana D1<br> Przybli\u017cona cena brutto: 750 PLN<\/p>\n  <\/div>\n\n  <!-- Inne -->\n  <div class=\"gallery-item inne\">\n    <img decoding=\"async\" src=\"http:\/\/monumentum.org.pl\/wp-content\/uploads\/2025\/07\/inne1.png\" alt=\"Inne 1\">\n  <\/div>\n\n <div class=\"gallery-item inne\">\n    <img decoding=\"async\" src=\"http:\/\/monumentum.org.pl\/wp-content\/uploads\/2025\/07\/inne2.png\" alt=\"Inne 2\">\n  <\/div>\n\n\n <div class=\"gallery-item inne\">\n    <img decoding=\"async\" src=\"http:\/\/monumentum.org.pl\/wp-content\/uploads\/2025\/07\/inne3.png\" alt=\"Inne 3\">\n  <\/div>\n<\/div>\n\n<!-- JavaScript -->\n<script>\n  function filterGallery(category) {\n    const items = document.querySelectorAll('.gallery-item');\n    items.forEach(item => {\n      if (category === 'all') {\n        item.classList.remove('hidden');\n      } else {\n        if (item.classList.contains(category)) {\n          item.classList.remove('hidden');\n        } else {\n          item.classList.add('hidden');\n        }\n      }\n    });\n  }\n<\/script>","protected":false},"excerpt":{"rendered":"<p>Przedstawione na stronie ceny s\u0105 szacunkowe i informacyjne i nie stanowi\u0105 oferty handlowej w rozumieniu art. 66 \u00a71 Kodeksu Cywilnego.Podane ceny to przybli\u017cone ceny brutto PLN. Wszystkie Nagrobki pojedyncze Nagrobki podw\u00f3jne Deski Inne realizacje Nagrobek granitowy P1 Przybli\u017cona cena brutto: 7550 PLN Nagrobek granitowy P2 Przybli\u017cona cena brutto: 7900 PLN Nagrobek granitowy P3 Przybli\u017cona cena [&hellip;]<\/p>\n","protected":false},"author":1,"featured_media":0,"parent":0,"menu_order":0,"comment_status":"closed","ping_status":"closed","template":"","meta":{"footnotes":""},"class_list":["post-72","page","type-page","status-publish","hentry"],"_links":{"self":[{"href":"https:\/\/monumentum.org.pl\/index.php?rest_route=\/wp\/v2\/pages\/72","targetHints":{"allow":["GET"]}}],"collection":[{"href":"https:\/\/monumentum.org.pl\/index.php?rest_route=\/wp\/v2\/pages"}],"about":[{"href":"https:\/\/monumentum.org.pl\/index.php?rest_route=\/wp\/v2\/types\/page"}],"author":[{"embeddable":true,"href":"https:\/\/monumentum.org.pl\/index.php?rest_route=\/wp\/v2\/users\/1"}],"replies":[{"embeddable":true,"href":"https:\/\/monumentum.org.pl\/index.php?rest_route=%2Fwp%2Fv2%2Fcomments&post=72"}],"version-history":[{"count":38,"href":"https:\/\/monumentum.org.pl\/index.php?rest_route=\/wp\/v2\/pages\/72\/revisions"}],"predecessor-version":[{"id":144,"href":"https:\/\/monumentum.org.pl\/index.php?rest_route=\/wp\/v2\/pages\/72\/revisions\/144"}],"wp:attachment":[{"href":"https:\/\/monumentum.org.pl\/index.php?rest_route=%2Fwp%2Fv2%2Fmedia&parent=72"}],"curies":[{"name":"wp","href":"https:\/\/api.w.org\/{rel}","templated":true}]}}